{"id":13747,"date":"2022-03-29T14:14:51","date_gmt":"2022-03-29T12:14:51","guid":{"rendered":"https:\/\/www.warsfoll.com.pl\/contact\/"},"modified":"2022-12-21T17:03:40","modified_gmt":"2022-12-21T16:03:40","slug":"contact","status":"publish","type":"page","link":"https:\/\/www.warsfoll.com.pl\/en\/contact\/","title":{"rendered":"Contact"},"content":{"rendered":"\n<h2 class=\"has-text-align-center wp-block-heading\">HOW CAN WE HELP?<\/h2>\n\n<div style=\"height:50px\" aria-hidden=\"true\" class=\"wp-block-spacer\"><\/div>\n\n<div class=\"wp-block-columns is-layout-flex wp-container-core-columns-is-layout-1 wp-block-columns-is-layout-flex\">\n<div class=\"wp-block-column is-layout-flow wp-block-column-is-layout-flow\" style=\"flex-basis:60%\">\n<figure class=\"wp-block-image size-large\"><img loading=\"lazy\" decoding=\"async\" width=\"1024\" height=\"512\" src=\"https:\/\/www.warsfoll.com.pl\/wp-content\/uploads\/2022\/07\/warsfoll_siedziba_1600x800-1024x512.jpg\" alt=\"\" class=\"wp-image-11131\" srcset=\"https:\/\/www.warsfoll.com.pl\/wp-content\/uploads\/2022\/07\/warsfoll_siedziba_1600x800-1024x512.jpg 1024w, https:\/\/www.warsfoll.com.pl\/wp-content\/uploads\/2022\/07\/warsfoll_siedziba_1600x800-600x300.jpg 600w, https:\/\/www.warsfoll.com.pl\/wp-content\/uploads\/2022\/07\/warsfoll_siedziba_1600x800-900x450.jpg 900w, https:\/\/www.warsfoll.com.pl\/wp-content\/uploads\/2022\/07\/warsfoll_siedziba_1600x800-300x150.jpg 300w, https:\/\/www.warsfoll.com.pl\/wp-content\/uploads\/2022\/07\/warsfoll_siedziba_1600x800-150x75.jpg 150w, https:\/\/www.warsfoll.com.pl\/wp-content\/uploads\/2022\/07\/warsfoll_siedziba_1600x800-768x384.jpg 768w, https:\/\/www.warsfoll.com.pl\/wp-content\/uploads\/2022\/07\/warsfoll_siedziba_1600x800-1536x768.jpg 1536w, https:\/\/www.warsfoll.com.pl\/wp-content\/uploads\/2022\/07\/warsfoll_siedziba_1600x800.jpg 1600w\" sizes=\"auto, (max-width: 1024px) 100vw, 1024px\" \/><\/figure>\n<\/div>\n\n\n\n<div class=\"wp-block-column is-vertically-aligned-top is-layout-flow wp-block-column-is-layout-flow\">\n<h5 class=\"has-white-color has-vivid-red-background-color has-text-color has-background wp-block-heading\">CUSTOMER SERVICE<\/h5>\n\n\n\n<p><strong>MONDAY &#8211; FRIDAY<br\/>8:00 &#8211; 16:00<\/strong><\/p>\n\n\n\n<p>+48 22 544 26 60<br\/><a href=\"mailto:kt@warsfoll.com.pl\">kt@warsfoll.com.pl<\/a><\/p>\n<\/div>\n<\/div>\n\n<div class=\"wp-block-columns is-layout-flex wp-container-core-columns-is-layout-2 wp-block-columns-is-layout-flex\">\n<div class=\"wp-block-column is-layout-flow wp-block-column-is-layout-flow\"><\/div>\n\n\n\n<div class=\"wp-block-column is-layout-flow wp-block-column-is-layout-flow\" style=\"flex-basis:25%\">\n<h6 class=\"p-2 has-white-color has-vivid-red-background-color has-text-color has-background wp-block-heading\">Architectural, window films<\/h6>\n\n\n\n<h4 class=\"wp-block-heading\">Maciek Grz\u0119da<\/h4>\n\n\n\n<p>+48 660 741 679<br\/><a href=\"mailto:mg@warsfoll.com.pl\">mg@warsfoll.com.pl<\/a><\/p>\n<\/div>\n\n\n\n<div class=\"wp-block-column is-layout-flow wp-block-column-is-layout-flow\"><\/div>\n\n\n\n<div class=\"wp-block-column is-layout-flow wp-block-column-is-layout-flow\" style=\"flex-basis:25%\">\n<h6 class=\"p-2 has-white-color has-vivid-red-background-color has-text-color has-background wp-block-heading\">Car wrapping films<\/h6>\n\n\n\n<h4 class=\"wp-block-heading\">Tomasz Goleniowski<\/h4>\n\n\n\n<p>+48 604 639 314<br\/><a href=\"mailto:tg@warsfoll.com.pl\">tg@warsfoll.com.pl<\/a><\/p>\n<\/div>\n\n\n\n<div class=\"wp-block-column is-layout-flow wp-block-column-is-layout-flow\"><\/div>\n\n\n\n<div class=\"wp-block-column is-layout-flow wp-block-column-is-layout-flow\" style=\"flex-basis:25%\">\n<h6 class=\"p-2 has-white-color has-vivid-red-background-color has-text-color has-background wp-block-heading\">SunTek PPF pattern<\/h6>\n\n\n\n<h4 class=\"wp-block-heading\">Daniel Sosnowski<\/h4>\n\n\n\n<p>+48 664 027 976<br\/><a href=\"mailto:ds@warsfoll.com.pl\">ds@warsfoll.com.pl<\/a><\/p>\n<\/div>\n\n\n\n<div class=\"wp-block-column is-layout-flow wp-block-column-is-layout-flow\"><\/div>\n<\/div>\n\n<div style=\"height:50px\" aria-hidden=\"true\" class=\"wp-block-spacer\"><\/div>\n\n<h2 class=\"has-text-align-center wp-block-heading\">LET&#8217;S GET TOGETHER!<\/h2>\n\n<p class=\"has-text-align-center\">PU\u0141AWSKA 541, 02-844 WARSZAWA<\/p>\n\n<iframe src=\"https:\/\/www.google.com\/maps\/embed?pb=!1m14!1m8!1m3!1d9798.29191648404!2d21.019308!3d52.123898!3m2!1i1024!2i768!4f13.1!3m3!1m2!1s0x4719320ca0d587a5%3A0x7283ee11f2eec5d7!2sPu%C5%82awska%20541%2C%2002-844%20Warszawa%2C%20Polska!5e0!3m2!1spl!2sus!4v1650365003868!5m2!1spl!2sus\" width=\"100%\" height=\"450\" style=\"border:0;\" allowfullscreen=\"\" loading=\"lazy\" referrerpolicy=\"no-referrer-when-downgrade\"><\/iframe>\n\n<div style=\"height:50px\" aria-hidden=\"true\" class=\"wp-block-spacer\"><\/div>\n\n<h2 class=\"has-text-align-center wp-block-heading\">HAVE A QUESTION? WRITE TO US!<\/h2>\n\n<div style=\"height:25px\" aria-hidden=\"true\" class=\"wp-block-spacer\"><\/div>\n\n<div class=\"wpcf7 no-js\" id=\"wpcf7-f530-o1\" lang=\"pl-PL\" dir=\"ltr\" data-wpcf7-id=\"530\">\n<div class=\"screen-reader-response\"><p role=\"status\" aria-live=\"polite\" aria-atomic=\"true\"><\/p> <ul><\/ul><\/div>\n<form action=\"\/en\/wp-json\/wp\/v2\/pages\/13747#wpcf7-f530-o1\" method=\"post\" class=\"wpcf7-form init\" aria-label=\"Formularz kontaktowy\" enctype=\"multipart\/form-data\" novalidate=\"novalidate\" data-status=\"init\">\n<fieldset class=\"hidden-fields-container\"><input type=\"hidden\" name=\"_wpcf7\" value=\"530\" \/><input type=\"hidden\" name=\"_wpcf7_version\" value=\"6.1.5\" \/><input type=\"hidden\" name=\"_wpcf7_locale\" value=\"pl_PL\" \/><input type=\"hidden\" name=\"_wpcf7_unit_tag\" value=\"wpcf7-f530-o1\" \/><input type=\"hidden\" name=\"_wpcf7_container_post\" value=\"0\" \/><input type=\"hidden\" name=\"_wpcf7_posted_data_hash\" value=\"\" \/><input type=\"hidden\" name=\"_wpcf7_recaptcha_response\" value=\"\" \/>\n<\/fieldset>\n<p><label> Imi\u0119 i nazwisko\/ Firma<br \/>\n<span class=\"wpcf7-form-control-wrap\" data-name=\"your-name\"><input size=\"40\" maxlength=\"400\" class=\"wpcf7-form-control wpcf7-text\" aria-invalid=\"false\" value=\"\" type=\"text\" name=\"your-name\" \/><\/span> <\/label>\n<\/p>\n<p><label> *Adres email<br \/>\n<span class=\"wpcf7-form-control-wrap\" data-name=\"your-email\"><input size=\"40\" maxlength=\"400\" class=\"wpcf7-form-control wpcf7-email wpcf7-validates-as-required wpcf7-text wpcf7-validates-as-email\" aria-required=\"true\" aria-invalid=\"false\" value=\"\" type=\"email\" name=\"your-email\" \/><\/span> <\/label>\n<\/p>\n<p><label> *Numer telefonu<br \/>\n<span class=\"wpcf7-form-control-wrap\" data-name=\"tel-726\"><input size=\"40\" maxlength=\"400\" class=\"wpcf7-form-control wpcf7-tel wpcf7-validates-as-required wpcf7-text wpcf7-validates-as-tel\" aria-required=\"true\" aria-invalid=\"false\" value=\"\" type=\"tel\" name=\"tel-726\" \/><\/span> <\/label>\n<\/p>\n<p><label> *Twoja wiadomo\u015b\u0107<br \/>\n<span class=\"wpcf7-form-control-wrap\" data-name=\"your-message\"><textarea cols=\"40\" rows=\"10\" maxlength=\"2000\" class=\"wpcf7-form-control wpcf7-textarea wpcf7-validates-as-required\" aria-required=\"true\" aria-invalid=\"false\" name=\"your-message\"><\/textarea><\/span> <\/label>\n<\/p>\n<p><label> Za\u0142\u0105cz zdj\u0119cie<br \/>\n<span class=\"wpcf7-form-control-wrap\" data-name=\"file-30\"><input size=\"40\" class=\"wpcf7-form-control wpcf7-file\" accept=\"audio\/*,video\/*,image\/*\" aria-invalid=\"false\" type=\"file\" name=\"file-30\" \/><\/span> <\/label>\n<\/p>\n<p><!-- Mailchimp for WordPress v4.12.0 - https:\/\/www.mc4wp.com\/ --><input type=\"hidden\" name=\"_mc4wp_subscribe_contact-form-7\" value=\"0\" \/><span class=\"mc4wp-checkbox mc4wp-checkbox-contact-form-7 \"><label><input type=\"checkbox\" name=\"_mc4wp_subscribe_contact-form-7\" value=\"1\" ><span><strong>B\u0105d\u017a na bierz\u0105co w foliach &#8211; zapisz si\u0119 do Naszego newslettera!<\/strong><br>*Zapisuj\u0105c si\u0119 wyra\u017casz zgod\u0119 na otrzymywanie tre\u015bci marketingowych &#8211; wi\u0119cej informacji znajdziesz w Naszej <a href=\"https:\/\/www.warsfoll.com.pl\/polityka-prywatnosci\/\">polityce prywatno\u015bci.<\/a><\/br><\/span><\/label><\/span><!-- \/ Mailchimp for WordPress -->\n<\/p>\n<p style=\"width: 80%; margin:auto;\"> Administratorem Twoich danych osobowych jest Warsfoll\u00ae Zy\u015bk Tarnowicz Sp.J.<br \/>\nWi\u0119cej informacji o tym jak przetwarzamy Twoje dane znajdziesz w Naszej <a href=\"https:\/\/www.warsfoll.com.pl\/polityka-prywatnosci\/\">polityce prywatno\u015bci.<\/a>\n<\/p>\n<p><input class=\"wpcf7-form-control wpcf7-submit has-spinner\" type=\"submit\" value=\"Wy\u015blij\" \/>\n<\/p><div class=\"wpcf7-response-output\" aria-hidden=\"true\"><\/div>\n<\/form>\n<\/div>\n\n<div style=\"height:100px\" aria-hidden=\"true\" class=\"wp-block-spacer\"><\/div>\n","protected":false},"excerpt":{"rendered":"<p>HOW CAN WE HELP? CUSTOMER SERVICE MONDAY &#8211; FRIDAY8:00 &#8211; 16:00 +48 22 544 26 60kt@warsfoll.com.pl Architectural, window films Maciek Grz\u0119da +48 660 741 679mg@warsfoll.com.pl Car wrapping films Tomasz Goleniowski +48 604 639 314tg@warsfoll.com.pl SunTek PPF pattern Daniel Sosnowski +48 664 027 976ds@warsfoll.com.pl LET&#8217;S GET TOGETHER! PU\u0141AWSKA 541, 02-844 WARSZAWA HAVE A QUESTION? WRITE TO [&hellip;]<\/p>\n","protected":false},"author":1,"featured_media":0,"parent":0,"menu_order":0,"comment_status":"closed","ping_status":"closed","template":"page-bez-naglowka.php","meta":{"footnotes":""},"class_list":["post-13747","page","type-page","status-publish","hentry"],"acf":[],"yoast_head":"<!-- This site is optimized with the Yoast SEO plugin v26.7 - https:\/\/yoast.com\/wordpress\/plugins\/seo\/ -->\n<title>Contact - Wrapping films dealer - Warsaw, Car Wrapping, Window Tinting - Warsfoll<\/title>\n<meta name=\"description\" content=\"Questions? We will be glad to help! Dealer of professioonal car wrapping and window tint films. Car\/ window wrapping, shop, trainings. Wholesale, retail. contact\" \/>\n<meta name=\"robots\" content=\"index, follow, max-snippet:-1, max-image-preview:large, max-video-preview:-1\" \/>\n<link rel=\"canonical\" href=\"https:\/\/www.warsfoll.com.pl\/en\/contact\/\" \/>\n<meta property=\"og:locale\" content=\"en_US\" \/>\n<meta property=\"og:type\" content=\"article\" \/>\n<meta property=\"og:title\" content=\"Contact - Wrapping films dealer - Warsaw, Car Wrapping, Window Tinting - Warsfoll\" \/>\n<meta property=\"og:description\" content=\"Questions? We will be glad to help! Dealer of professioonal car wrapping and window tint films. Car\/ window wrapping, shop, trainings. Wholesale, retail. contact\" \/>\n<meta property=\"og:url\" content=\"https:\/\/www.warsfoll.com.pl\/en\/contact\/\" \/>\n<meta property=\"og:site_name\" content=\"Warsfoll\" \/>\n<meta property=\"article:publisher\" content=\"https:\/\/www.facebook.com\/Warsfoll\/\" \/>\n<meta property=\"article:modified_time\" content=\"2022-12-21T16:03:40+00:00\" \/>\n<meta property=\"og:image\" content=\"https:\/\/www.warsfoll.com.pl\/wp-content\/uploads\/2022\/07\/warsfoll_siedziba_1600x800-1024x512.jpg\" \/>\n<meta name=\"twitter:card\" content=\"summary_large_image\" \/>\n<script type=\"application\/ld+json\" class=\"yoast-schema-graph\">{\"@context\":\"https:\/\/schema.org\",\"@graph\":[{\"@type\":\"WebPage\",\"@id\":\"https:\/\/www.warsfoll.com.pl\/en\/contact\/\",\"url\":\"https:\/\/www.warsfoll.com.pl\/en\/contact\/\",\"name\":\"Contact - Wrapping films dealer - Warsaw, Car Wrapping, Window Tinting - Warsfoll\",\"isPartOf\":{\"@id\":\"https:\/\/www.warsfoll.com.pl\/en\/#website\"},\"primaryImageOfPage\":{\"@id\":\"https:\/\/www.warsfoll.com.pl\/en\/contact\/#primaryimage\"},\"image\":{\"@id\":\"https:\/\/www.warsfoll.com.pl\/en\/contact\/#primaryimage\"},\"thumbnailUrl\":\"https:\/\/www.warsfoll.com.pl\/wp-content\/uploads\/2022\/07\/warsfoll_siedziba_1600x800-1024x512.jpg\",\"datePublished\":\"2022-03-29T12:14:51+00:00\",\"dateModified\":\"2022-12-21T16:03:40+00:00\",\"description\":\"Questions? We will be glad to help! Dealer of professioonal car wrapping and window tint films. Car\/ window wrapping, shop, trainings. Wholesale, retail. contact\",\"inLanguage\":\"en-US\",\"potentialAction\":[{\"@type\":\"ReadAction\",\"target\":[\"https:\/\/www.warsfoll.com.pl\/en\/contact\/\"]}]},{\"@type\":\"ImageObject\",\"inLanguage\":\"en-US\",\"@id\":\"https:\/\/www.warsfoll.com.pl\/en\/contact\/#primaryimage\",\"url\":\"https:\/\/www.warsfoll.com.pl\/wp-content\/uploads\/2022\/07\/warsfoll_siedziba_1600x800-1024x512.jpg\",\"contentUrl\":\"https:\/\/www.warsfoll.com.pl\/wp-content\/uploads\/2022\/07\/warsfoll_siedziba_1600x800-1024x512.jpg\"},{\"@type\":\"WebSite\",\"@id\":\"https:\/\/www.warsfoll.com.pl\/en\/#website\",\"url\":\"https:\/\/www.warsfoll.com.pl\/en\/\",\"name\":\"Warsfoll\",\"description\":\"| Centrum folii okiennych i samochodowych\",\"publisher\":{\"@id\":\"https:\/\/www.warsfoll.com.pl\/en\/#organization\"},\"potentialAction\":[{\"@type\":\"SearchAction\",\"target\":{\"@type\":\"EntryPoint\",\"urlTemplate\":\"https:\/\/www.warsfoll.com.pl\/en\/?s={search_term_string}\"},\"query-input\":{\"@type\":\"PropertyValueSpecification\",\"valueRequired\":true,\"valueName\":\"search_term_string\"}}],\"inLanguage\":\"en-US\"},{\"@type\":\"Organization\",\"@id\":\"https:\/\/www.warsfoll.com.pl\/en\/#organization\",\"name\":\"Warsfoll\",\"url\":\"https:\/\/www.warsfoll.com.pl\/en\/\",\"logo\":{\"@type\":\"ImageObject\",\"inLanguage\":\"en-US\",\"@id\":\"https:\/\/www.warsfoll.com.pl\/en\/#\/schema\/logo\/image\/\",\"url\":\"https:\/\/www.warsfoll.com.pl\/wp-content\/uploads\/2022\/08\/warsfoll_front_image.jpg\",\"contentUrl\":\"https:\/\/www.warsfoll.com.pl\/wp-content\/uploads\/2022\/08\/warsfoll_front_image.jpg\",\"width\":1200,\"height\":630,\"caption\":\"Warsfoll\"},\"image\":{\"@id\":\"https:\/\/www.warsfoll.com.pl\/en\/#\/schema\/logo\/image\/\"},\"sameAs\":[\"https:\/\/www.facebook.com\/Warsfoll\/\",\"https:\/\/www.instagram.com\/warsfoll\/\"]}]}<\/script>\n<!-- \/ Yoast SEO plugin. -->","yoast_head_json":{"title":"Contact - Wrapping films dealer - Warsaw, Car Wrapping, Window Tinting - Warsfoll","description":"Questions? We will be glad to help! Dealer of professioonal car wrapping and window tint films. Car\/ window wrapping, shop, trainings. Wholesale, retail. contact","robots":{"index":"index","follow":"follow","max-snippet":"max-snippet:-1","max-image-preview":"max-image-preview:large","max-video-preview":"max-video-preview:-1"},"canonical":"https:\/\/www.warsfoll.com.pl\/en\/contact\/","og_locale":"en_US","og_type":"article","og_title":"Contact - Wrapping films dealer - Warsaw, Car Wrapping, Window Tinting - Warsfoll","og_description":"Questions? We will be glad to help! Dealer of professioonal car wrapping and window tint films. Car\/ window wrapping, shop, trainings. Wholesale, retail. contact","og_url":"https:\/\/www.warsfoll.com.pl\/en\/contact\/","og_site_name":"Warsfoll","article_publisher":"https:\/\/www.facebook.com\/Warsfoll\/","article_modified_time":"2022-12-21T16:03:40+00:00","og_image":[{"url":"https:\/\/www.warsfoll.com.pl\/wp-content\/uploads\/2022\/07\/warsfoll_siedziba_1600x800-1024x512.jpg","type":"","width":"","height":""}],"twitter_card":"summary_large_image","schema":{"@context":"https:\/\/schema.org","@graph":[{"@type":"WebPage","@id":"https:\/\/www.warsfoll.com.pl\/en\/contact\/","url":"https:\/\/www.warsfoll.com.pl\/en\/contact\/","name":"Contact - Wrapping films dealer - Warsaw, Car Wrapping, Window Tinting - Warsfoll","isPartOf":{"@id":"https:\/\/www.warsfoll.com.pl\/en\/#website"},"primaryImageOfPage":{"@id":"https:\/\/www.warsfoll.com.pl\/en\/contact\/#primaryimage"},"image":{"@id":"https:\/\/www.warsfoll.com.pl\/en\/contact\/#primaryimage"},"thumbnailUrl":"https:\/\/www.warsfoll.com.pl\/wp-content\/uploads\/2022\/07\/warsfoll_siedziba_1600x800-1024x512.jpg","datePublished":"2022-03-29T12:14:51+00:00","dateModified":"2022-12-21T16:03:40+00:00","description":"Questions? We will be glad to help! Dealer of professioonal car wrapping and window tint films. Car\/ window wrapping, shop, trainings. Wholesale, retail. contact","inLanguage":"en-US","potentialAction":[{"@type":"ReadAction","target":["https:\/\/www.warsfoll.com.pl\/en\/contact\/"]}]},{"@type":"ImageObject","inLanguage":"en-US","@id":"https:\/\/www.warsfoll.com.pl\/en\/contact\/#primaryimage","url":"https:\/\/www.warsfoll.com.pl\/wp-content\/uploads\/2022\/07\/warsfoll_siedziba_1600x800-1024x512.jpg","contentUrl":"https:\/\/www.warsfoll.com.pl\/wp-content\/uploads\/2022\/07\/warsfoll_siedziba_1600x800-1024x512.jpg"},{"@type":"WebSite","@id":"https:\/\/www.warsfoll.com.pl\/en\/#website","url":"https:\/\/www.warsfoll.com.pl\/en\/","name":"Warsfoll","description":"| Centrum folii okiennych i samochodowych","publisher":{"@id":"https:\/\/www.warsfoll.com.pl\/en\/#organization"},"potentialAction":[{"@type":"SearchAction","target":{"@type":"EntryPoint","urlTemplate":"https:\/\/www.warsfoll.com.pl\/en\/?s={search_term_string}"},"query-input":{"@type":"PropertyValueSpecification","valueRequired":true,"valueName":"search_term_string"}}],"inLanguage":"en-US"},{"@type":"Organization","@id":"https:\/\/www.warsfoll.com.pl\/en\/#organization","name":"Warsfoll","url":"https:\/\/www.warsfoll.com.pl\/en\/","logo":{"@type":"ImageObject","inLanguage":"en-US","@id":"https:\/\/www.warsfoll.com.pl\/en\/#\/schema\/logo\/image\/","url":"https:\/\/www.warsfoll.com.pl\/wp-content\/uploads\/2022\/08\/warsfoll_front_image.jpg","contentUrl":"https:\/\/www.warsfoll.com.pl\/wp-content\/uploads\/2022\/08\/warsfoll_front_image.jpg","width":1200,"height":630,"caption":"Warsfoll"},"image":{"@id":"https:\/\/www.warsfoll.com.pl\/en\/#\/schema\/logo\/image\/"},"sameAs":["https:\/\/www.facebook.com\/Warsfoll\/","https:\/\/www.instagram.com\/warsfoll\/"]}]}},"_links":{"self":[{"href":"https:\/\/www.warsfoll.com.pl\/en\/wp-json\/wp\/v2\/pages\/13747","targetHints":{"allow":["GET"]}}],"collection":[{"href":"https:\/\/www.warsfoll.com.pl\/en\/wp-json\/wp\/v2\/pages"}],"about":[{"href":"https:\/\/www.warsfoll.com.pl\/en\/wp-json\/wp\/v2\/types\/page"}],"author":[{"embeddable":true,"href":"https:\/\/www.warsfoll.com.pl\/en\/wp-json\/wp\/v2\/users\/1"}],"replies":[{"embeddable":true,"href":"https:\/\/www.warsfoll.com.pl\/en\/wp-json\/wp\/v2\/comments?post=13747"}],"version-history":[{"count":1,"href":"https:\/\/www.warsfoll.com.pl\/en\/wp-json\/wp\/v2\/pages\/13747\/revisions"}],"predecessor-version":[{"id":13748,"href":"https:\/\/www.warsfoll.com.pl\/en\/wp-json\/wp\/v2\/pages\/13747\/revisions\/13748"}],"wp:attachment":[{"href":"https:\/\/www.warsfoll.com.pl\/en\/wp-json\/wp\/v2\/media?parent=13747"}],"curies":[{"name":"wp","href":"https:\/\/api.w.org\/{rel}","templated":true}]}}